{"id":893,"date":"2023-08-05T22:07:28","date_gmt":"2023-08-05T20:07:28","guid":{"rendered":"https:\/\/bordonedelpellegrino.it\/?page_id=893"},"modified":"2023-08-06T01:19:41","modified_gmt":"2023-08-05T23:19:41","slug":"i-sapori-delle-nostre-terre","status":"publish","type":"page","link":"https:\/\/bordonedelpellegrino.it\/index.php\/i-sapori-delle-nostre-terre\/","title":{"rendered":"I sapori delle nostre terre"},"content":{"rendered":"<div class=\"wp-block-media-text alignwide is-stacked-on-mobile\"><figure class=\"wp-block-media-text__media\"><img loading=\"lazy\" decoding=\"async\" width=\"1024\" height=\"838\" src=\"https:\/\/bordonedelpellegrino.it\/wp-content\/uploads\/2023\/08\/Prosciutto-Parma-1024x838.jpg\" alt=\"\" class=\"wp-image-907 size-full\" srcset=\"https:\/\/bordonedelpellegrino.it\/wp-content\/uploads\/2023\/08\/Prosciutto-Parma-1024x838.jpg 1024w, https:\/\/bordonedelpellegrino.it\/wp-content\/uploads\/2023\/08\/Prosciutto-Parma-892x730.jpg 892w, https:\/\/bordonedelpellegrino.it\/wp-content\/uploads\/2023\/08\/Prosciutto-Parma-300x245.jpg 300w, https:\/\/bordonedelpellegrino.it\/wp-content\/uploads\/2023\/08\/Prosciutto-Parma-768x628.jpg 768w, https:\/\/bordonedelpellegrino.it\/wp-content\/uploads\/2023\/08\/Prosciutto-Parma.jpg 1241w\" sizes=\"auto, (max-width: 1024px) 100vw, 1024px\" \/><\/figure><div class=\"wp-block-media-text__content\"><p>La valorizzazione dei prodotti del nostro territorio \u00e8 essenziale per preservare la ricca tradizione enogastronomica di questa zona. <\/p>\n\n<p>I formaggi DOP come il Parmigiano Reggiano e il Prosciutto di Parma sono emblemi della cultura culinaria locale, richiamando l&#8217;eccellenza e la qualit\u00e0.<\/p>\n\n<p> La produzione sostenibile di tali prodotti, spesso a km zero, contribuisce a preservare l&#8217;ambiente e a sostenere l&#8217;economia locale. La promozione di sagre, festival e fiere enogastronomiche valorizza la cultura del territorio, attirando turisti e visitatori.<\/p><\/div><\/div><div class=\"wp-block-media-text alignwide has-media-on-the-right is-stacked-on-mobile is-image-fill\"><div class=\"wp-block-media-text__content\"><p>Iniziative educative e divulgative sui metodi di produzione tradizionali consolidano l&#8217;identit\u00e0 del territorio parmense e aumentano la consapevolezza dei consumatori.<\/p>\n\n<p>La collaborazione tra agricoltori, ristoratori e istituzioni favorisce lo sviluppo di nuove idee e iniziative, promuovendo l&#8217;innovazione nel settore agroalimentare. Inoltre, l&#8217;uso delle tecnologie digitali e del marketing territoriale pu\u00f2 ampliare la visibilit\u00e0 e l&#8217;accessibilit\u00e0 dei prodotti locali, favorendo la loro diffusione oltre i confini regionali. <\/p>\n\n<p>Sostenere e proteggere i prodotti tipici del territorio parmense \u00e8 una sfida cruciale per conservare la sua identit\u00e0 culturale e promuovere uno sviluppo sostenibile a lungo termine.<\/p><\/div><figure class=\"wp-block-media-text__media\" style=\"background-image:url(https:\/\/bordonedelpellegrino.it\/wp-content\/uploads\/2023\/08\/33678867628_624a4d49bb_k-768x1024.jpg);background-position:2% 100%\"><img loading=\"lazy\" decoding=\"async\" width=\"768\" height=\"1024\" src=\"https:\/\/bordonedelpellegrino.it\/wp-content\/uploads\/2023\/08\/33678867628_624a4d49bb_k-768x1024.jpg\" alt=\"\" class=\"wp-image-906 size-full\" srcset=\"https:\/\/bordonedelpellegrino.it\/wp-content\/uploads\/2023\/08\/33678867628_624a4d49bb_k-768x1024.jpg 768w, https:\/\/bordonedelpellegrino.it\/wp-content\/uploads\/2023\/08\/33678867628_624a4d49bb_k-892x1189.jpg 892w, https:\/\/bordonedelpellegrino.it\/wp-content\/uploads\/2023\/08\/33678867628_624a4d49bb_k-225x300.jpg 225w, https:\/\/bordonedelpellegrino.it\/wp-content\/uploads\/2023\/08\/33678867628_624a4d49bb_k-1152x1536.jpg 1152w, https:\/\/bordonedelpellegrino.it\/wp-content\/uploads\/2023\/08\/33678867628_624a4d49bb_k-1320x1760.jpg 1320w, https:\/\/bordonedelpellegrino.it\/wp-content\/uploads\/2023\/08\/33678867628_624a4d49bb_k.jpg 1536w\" sizes=\"auto, (max-width: 768px) 100vw, 768px\" \/><\/figure><\/div><div class=\"wp-block-media-text alignwide is-stacked-on-mobile is-image-fill\"><figure class=\"wp-block-media-text__media\" style=\"background-image:url(https:\/\/bordonedelpellegrino.it\/wp-content\/uploads\/2023\/08\/20210923_180053-01-576x1024.jpeg);background-position:50% 50%\"><img loading=\"lazy\" decoding=\"async\" width=\"576\" height=\"1024\" src=\"https:\/\/bordonedelpellegrino.it\/wp-content\/uploads\/2023\/08\/20210923_180053-01-576x1024.jpeg\" alt=\"\" class=\"wp-image-912 size-full\" srcset=\"https:\/\/bordonedelpellegrino.it\/wp-content\/uploads\/2023\/08\/20210923_180053-01-576x1024.jpeg 576w, https:\/\/bordonedelpellegrino.it\/wp-content\/uploads\/2023\/08\/20210923_180053-01-892x1586.jpeg 892w, https:\/\/bordonedelpellegrino.it\/wp-content\/uploads\/2023\/08\/20210923_180053-01-169x300.jpeg 169w, https:\/\/bordonedelpellegrino.it\/wp-content\/uploads\/2023\/08\/20210923_180053-01-768x1365.jpeg 768w, https:\/\/bordonedelpellegrino.it\/wp-content\/uploads\/2023\/08\/20210923_180053-01-864x1536.jpeg 864w, https:\/\/bordonedelpellegrino.it\/wp-content\/uploads\/2023\/08\/20210923_180053-01-1152x2048.jpeg 1152w, https:\/\/bordonedelpellegrino.it\/wp-content\/uploads\/2023\/08\/20210923_180053-01-1320x2347.jpeg 1320w, https:\/\/bordonedelpellegrino.it\/wp-content\/uploads\/2023\/08\/20210923_180053-01-scaled.jpeg 1440w\" sizes=\"auto, (max-width: 576px) 100vw, 576px\" \/><\/figure><div class=\"wp-block-media-text__content\"><p>Scopri l&#8217;autentico gusto del territorio con i nostri produttori locali.<\/p>\n\n<p>Questo elenco raccoglie i migliori artigiani e agricoltori della zona, impegnati a preservare le tradizioni culinarie e a offrire prodotti di alta qualit\u00e0. <br>Dai formaggi prelibati ai freschi prodotti del campo, ogni assaggio racconta la storia del nostro territorio. <\/p>\n\n<p>Sosteniamo l&#8217;economia locale e la produzione sostenibile, acquistando direttamente dai nostri produttori. Un viaggio culinario alla scoperta delle eccellenze del nostro territorio. #ProduttoriLocali #GustoAutentico #TradizioneCulinaria #Sostenibilit\u00e0 #EccellenzeDelTerritorio<\/p>\n\n<ul class=\"wp-block-list\"><li><a href=\"https:\/\/www.saltideldiavolo.it\/\" target=\"_blank\" rel=\"noopener\" title=\"\">Az.Agr. Bio. Salti del Diavolo<\/a><\/li>\n\n<li><a href=\"http:\/\/www.montagnanabio.it\/\" target=\"_blank\" rel=\"noopener\" title=\"\">Az.Agr. Bio. Montagnana<\/a><\/li>\n\n<li><a href=\"https:\/\/www.damianodelfante.it\/\" target=\"_blank\" rel=\"noopener\" title=\"\">Caseificio e salumi Damiano Delfante<\/a><\/li><\/ul><\/div><\/div>","protected":false},"excerpt":{"rendered":"<p>La valorizzazione dei prodotti del nostro territorio \u00e8 essenziale per preservare la ricca tradizione enogastronomica di questa zona. I formaggi DOP come il Parmigiano Reggiano e il Prosciutto di Parma sono emblemi della cultura culinaria locale, richiamando l&#8217;eccellenza e la qualit\u00e0. La produzione sostenibile di tali prodotti, spesso a km zero, contribuisce a preservare l&#8217;ambiente [&hellip;]<\/p>\n","protected":false},"author":1,"featured_media":0,"parent":0,"menu_order":0,"comment_status":"closed","ping_status":"closed","template":"","meta":{"om_disable_all_campaigns":false,"_monsterinsights_skip_tracking":false,"_monsterinsights_sitenote_active":false,"_monsterinsights_sitenote_note":"","_monsterinsights_sitenote_category":0,"_uf_show_specific_survey":0,"_uf_disable_surveys":false,"footnotes":""},"class_list":["post-893","page","type-page","status-publish","hentry"],"aioseo_notices":[],"jetpack_sharing_enabled":true,"_links":{"self":[{"href":"https:\/\/bordonedelpellegrino.it\/index.php\/wp-json\/wp\/v2\/pages\/893","targetHints":{"allow":["GET"]}}],"collection":[{"href":"https:\/\/bordonedelpellegrino.it\/index.php\/wp-json\/wp\/v2\/pages"}],"about":[{"href":"https:\/\/bordonedelpellegrino.it\/index.php\/wp-json\/wp\/v2\/types\/page"}],"author":[{"embeddable":true,"href":"https:\/\/bordonedelpellegrino.it\/index.php\/wp-json\/wp\/v2\/users\/1"}],"replies":[{"embeddable":true,"href":"https:\/\/bordonedelpellegrino.it\/index.php\/wp-json\/wp\/v2\/comments?post=893"}],"version-history":[{"count":4,"href":"https:\/\/bordonedelpellegrino.it\/index.php\/wp-json\/wp\/v2\/pages\/893\/revisions"}],"predecessor-version":[{"id":941,"href":"https:\/\/bordonedelpellegrino.it\/index.php\/wp-json\/wp\/v2\/pages\/893\/revisions\/941"}],"wp:attachment":[{"href":"https:\/\/bordonedelpellegrino.it\/index.php\/wp-json\/wp\/v2\/media?parent=893"}],"curies":[{"name":"wp","href":"https:\/\/api.w.org\/{rel}","templated":true}]}}