{"id":859,"date":"2023-08-04T22:37:38","date_gmt":"2023-08-04T20:37:38","guid":{"rendered":"https:\/\/bordonedelpellegrino.it\/?page_id=859"},"modified":"2023-08-05T00:09:32","modified_gmt":"2023-08-04T22:09:32","slug":"sai-cose-il-bordone","status":"publish","type":"page","link":"https:\/\/bordonedelpellegrino.it\/index.php\/sai-cose-il-bordone\/","title":{"rendered":"Sai cos&#8217;\u00e8 il Bordone?"},"content":{"rendered":"<div class=\"wp-block-media-text alignwide is-stacked-on-mobile\"><figure class=\"wp-block-media-text__media\"><img loading=\"lazy\" decoding=\"async\" width=\"321\" height=\"400\" src=\"https:\/\/bordonedelpellegrino.it\/wp-content\/uploads\/2023\/08\/944d0c6e14b72f9c.jpg\" alt=\"\" class=\"wp-image-867 size-full\" srcset=\"https:\/\/bordonedelpellegrino.it\/wp-content\/uploads\/2023\/08\/944d0c6e14b72f9c.jpg 321w, https:\/\/bordonedelpellegrino.it\/wp-content\/uploads\/2023\/08\/944d0c6e14b72f9c-241x300.jpg 241w\" sizes=\"auto, (max-width: 321px) 100vw, 321px\" \/><\/figure><div class=\"wp-block-media-text__content\"><p>Il Bordone del Pellegrino \u00e8 una figura araldica convenzionale, che simboleggia il\u00a0<em>pellegrinaggio in Terra Santa<\/em>, utilizzata per far riconoscere il pellegrino in un normale passante.<\/p>\n\n<p>E&#8217; costituito da un bastone con l&#8217;estremit\u00e0 superiore arcuata, talora con una borraccia appesa, oppure terminata da una palla; quando la forma \u00e8 pi\u00f9 stilizzata si usa anche il termine bastone del pellegrino.<\/p>\n\n<p>La parola bord\u00f3n deriva dal francese antico, in cui\u00a0<strong><em>bourdon\u00a0<\/em><\/strong>significava lancia, e da l\u00ec passa al mondo del pellegrinaggio per definire un alto bastone di legno, di sezione circolare, che diventa un emblema comune dei pellegrini, attraverso rappresentazioni iconografiche, anche dell&#8217;apostolo Giacomo, a volte dotato di un bastone a forma di tau, come maestro nella cattedra, ma pi\u00f9 frequentemente come un altro pellegrino, distinguendolo cos\u00ec dagli altri membri del collegio apostolico.<\/p><\/div><\/div><div class=\"wp-block-media-text alignwide has-media-on-the-right is-stacked-on-mobile\"><div class=\"wp-block-media-text__content\"><p>Il pellegrino indossava un caratteristico vestiario costituiti da un mantello, con cappuccio detto &#8220;Schiavina&#8221;.<\/p>\n\n<p>Verso il XIII secolo perse il cappuccio, mantenendo solo un ampio colletto, e comparve il &#8220;Petaso&#8221;, cappello rotondo a larghe tese di cuoio bollito.<\/p>\n\n<p>Indispensabili erano il bordone, una bisaccia e una borraccia, quest&#8217;ultima poteva essere anche una zucca secca.<\/p><\/div><figure class=\"wp-block-media-text__media\"><img loading=\"lazy\" decoding=\"async\" width=\"800\" height=\"816\" src=\"https:\/\/bordonedelpellegrino.it\/wp-content\/uploads\/2023\/08\/gruppo-pellegrini-quadro.jpg\" alt=\"\" class=\"wp-image-871 size-full\" srcset=\"https:\/\/bordonedelpellegrino.it\/wp-content\/uploads\/2023\/08\/gruppo-pellegrini-quadro.jpg 800w, https:\/\/bordonedelpellegrino.it\/wp-content\/uploads\/2023\/08\/gruppo-pellegrini-quadro-294x300.jpg 294w, https:\/\/bordonedelpellegrino.it\/wp-content\/uploads\/2023\/08\/gruppo-pellegrini-quadro-768x783.jpg 768w\" sizes=\"auto, (max-width: 800px) 100vw, 800px\" \/><\/figure><\/div><figure class=\"wp-block-embed is-type-video is-provider-youtube wp-block-embed-youtube wp-embed-aspect-4-3 wp-has-aspect-ratio\"><div class=\"wp-block-embed__wrapper\">\n<iframe loading=\"lazy\" title=\"Bastone del pellegrino in cammino: il bordone\" width=\"672\" height=\"504\" src=\"https:\/\/www.youtube.com\/embed\/77a0Wz5Psqs?feature=oembed\" frameborder=\"0\" allow=\"accelerometer; autoplay; clipboard-write; encrypted-media; gyroscope; picture-in-picture; web-share\" allowfullscreen><\/iframe>\n<\/div><\/figure><p><\/p>","protected":false},"excerpt":{"rendered":"<p>Il Bordone del Pellegrino \u00e8 una figura araldica convenzionale, che simboleggia il\u00a0pellegrinaggio in Terra Santa, utilizzata per far riconoscere il pellegrino in un normale passante. E&#8217; costituito da un bastone con l&#8217;estremit\u00e0 superiore arcuata, talora con una borraccia appesa, oppure terminata da una palla; quando la forma \u00e8 pi\u00f9 stilizzata si usa anche il termine [&hellip;]<\/p>\n","protected":false},"author":1,"featured_media":864,"parent":0,"menu_order":0,"comment_status":"closed","ping_status":"closed","template":"","meta":{"om_disable_all_campaigns":false,"_monsterinsights_skip_tracking":false,"_monsterinsights_sitenote_active":false,"_monsterinsights_sitenote_note":"","_monsterinsights_sitenote_category":0,"_uf_show_specific_survey":0,"_uf_disable_surveys":false,"footnotes":""},"class_list":["post-859","page","type-page","status-publish","has-post-thumbnail","hentry"],"aioseo_notices":[],"jetpack_sharing_enabled":true,"_links":{"self":[{"href":"https:\/\/bordonedelpellegrino.it\/index.php\/wp-json\/wp\/v2\/pages\/859","targetHints":{"allow":["GET"]}}],"collection":[{"href":"https:\/\/bordonedelpellegrino.it\/index.php\/wp-json\/wp\/v2\/pages"}],"about":[{"href":"https:\/\/bordonedelpellegrino.it\/index.php\/wp-json\/wp\/v2\/types\/page"}],"author":[{"embeddable":true,"href":"https:\/\/bordonedelpellegrino.it\/index.php\/wp-json\/wp\/v2\/users\/1"}],"replies":[{"embeddable":true,"href":"https:\/\/bordonedelpellegrino.it\/index.php\/wp-json\/wp\/v2\/comments?post=859"}],"version-history":[{"count":2,"href":"https:\/\/bordonedelpellegrino.it\/index.php\/wp-json\/wp\/v2\/pages\/859\/revisions"}],"predecessor-version":[{"id":872,"href":"https:\/\/bordonedelpellegrino.it\/index.php\/wp-json\/wp\/v2\/pages\/859\/revisions\/872"}],"wp:featuredmedia":[{"embeddable":true,"href":"https:\/\/bordonedelpellegrino.it\/index.php\/wp-json\/wp\/v2\/media\/864"}],"wp:attachment":[{"href":"https:\/\/bordonedelpellegrino.it\/index.php\/wp-json\/wp\/v2\/media?parent=859"}],"curies":[{"name":"wp","href":"https:\/\/api.w.org\/{rel}","templated":true}]}}