{"id":848,"date":"2023-07-31T19:39:32","date_gmt":"2023-07-31T17:39:32","guid":{"rendered":"https:\/\/bordonedelpellegrino.it\/?page_id=848"},"modified":"2023-08-05T00:42:40","modified_gmt":"2023-08-04T22:42:40","slug":"mab-unesco","status":"publish","type":"page","link":"https:\/\/bordonedelpellegrino.it\/index.php\/mab-unesco\/","title":{"rendered":"L\u2019Appennino riserva Mab Unesco"},"content":{"rendered":"<div class=\"wp-block-media-text alignwide is-stacked-on-mobile\"><figure class=\"wp-block-media-text__media\"><img loading=\"lazy\" decoding=\"async\" width=\"600\" height=\"197\" src=\"https:\/\/bordonedelpellegrino.it\/wp-content\/uploads\/2023\/08\/logo-appennino-mab.jpeg\" alt=\"\" class=\"wp-image-863 size-full\" srcset=\"https:\/\/bordonedelpellegrino.it\/wp-content\/uploads\/2023\/08\/logo-appennino-mab.jpeg 600w, https:\/\/bordonedelpellegrino.it\/wp-content\/uploads\/2023\/08\/logo-appennino-mab-300x99.jpeg 300w\" sizes=\"auto, (max-width: 600px) 100vw, 600px\" \/><\/figure><div class=\"wp-block-media-text__content\"><p>L\u2019Appennino Tosco-Emiliano Riserva Mab Unesco <a href=\"http:\/\/www.mabappennino.it\/\">http:\/\/www.mabappennino.it\/<\/a> \u00e8 identificato fra Emilia e Toscana, dove il crinale tra la pianura<br>e il mare, tra l\u2019Europa e il Mediterraneo \u00e8 motivo di<br>grande ricchezza naturale e culturale.<\/p><\/div><\/div><p>Il Programma dell&#8217;UNESCO &#8220;L&#8217;Uomo e la Biosfera&#8221; (MAB) \u00e8 un programma intergovernativo, lanciato nel 1971, che mira a creare una base scientifica per il miglioramento del rapporto tra popolazioni e il loro ambiente. Combinando scienze naturali e sociali, economia e formazione, MAB favorisce la tutela degli ecosistemi e la promozione di approcci innovativi allo sviluppo economico, socialmente e culturalmente appropriati e sostenibili per l&#8217;ambiente.<\/p><div class=\"wp-block-media-text alignwide is-stacked-on-mobile\"><figure class=\"wp-block-media-text__media\"><img loading=\"lazy\" decoding=\"async\" width=\"539\" height=\"381\" src=\"https:\/\/bordonedelpellegrino.it\/wp-content\/uploads\/2023\/08\/mappa-Mab.png\" alt=\"\" class=\"wp-image-866 size-full\" srcset=\"https:\/\/bordonedelpellegrino.it\/wp-content\/uploads\/2023\/08\/mappa-Mab.png 539w, https:\/\/bordonedelpellegrino.it\/wp-content\/uploads\/2023\/08\/mappa-Mab-300x212.png 300w\" sizes=\"auto, (max-width: 539px) 100vw, 539px\" \/><\/figure><div class=\"wp-block-media-text__content\"><p>L&#8217;Appennino, parte della catena alpino-himalayana, \u00e8 la catena montuosa spina dorsale della penisola italiana. L&#8217;area della Riserva istituita dall&#8217;Unesco il 9 giugno 2015, \u00e8 una parte rilevante dell&#8217;Appennino settentrionale e, pur rappresentando una condizione tipica del territorio montano-appenninico, \u00e8 caratterizzata per\u00f2 da una particolarit\u00e0 unica: l&#8217;essere un\u00a0<strong>punto focale della frontiera climatica euro-mediterranea<\/strong>. Questa caratteristica ha determinato, insieme all&#8217;eredit\u00e0 geologica e ad altri fattori, l&#8217;impostarsi di un complesso mosaico ecologico e culturale, a sua volta base dell&#8217;evoluzione del paesaggio.<\/p><\/div><\/div><div class=\"wp-block-media-text alignwide has-media-on-the-right is-stacked-on-mobile\"><div class=\"wp-block-media-text__content\"><p>La nostra Riserva di Biosfera sviluppa ricerca e progetti, coerenti con gli obiettivi dell\u2019Agenda ONU 2030, su foreste, acqua, suoli, biodiversit\u00e0, clima riduzione e stoccaggio CO2, insieme a privati, enti ed associazioni, attraendo risorse europee. \u00c8 laboratorio di sviluppo locale parte di una rete mondiale. <\/p><\/div><figure class=\"wp-block-media-text__media\"><img loading=\"lazy\" decoding=\"async\" width=\"800\" height=\"600\" src=\"https:\/\/bordonedelpellegrino.it\/wp-content\/uploads\/2023\/08\/icare-appennino-mab.jpeg\" alt=\"\" class=\"wp-image-862 size-full\" srcset=\"https:\/\/bordonedelpellegrino.it\/wp-content\/uploads\/2023\/08\/icare-appennino-mab.jpeg 800w, https:\/\/bordonedelpellegrino.it\/wp-content\/uploads\/2023\/08\/icare-appennino-mab-300x225.jpeg 300w, https:\/\/bordonedelpellegrino.it\/wp-content\/uploads\/2023\/08\/icare-appennino-mab-768x576.jpeg 768w\" sizes=\"auto, (max-width: 800px) 100vw, 800px\" \/><\/figure><\/div><figure class=\"wp-block-embed is-type-video is-provider-youtube wp-block-embed-youtube wp-embed-aspect-16-9 wp-has-aspect-ratio\"><div class=\"wp-block-embed__wrapper\">\n<iframe loading=\"lazy\" title=\"Appennino Tosco Emiliano Riserva Uomo e Biosfera dell&#039;UNESCO\" width=\"672\" height=\"378\" src=\"https:\/\/www.youtube.com\/embed\/djXk91m2Umo?feature=oembed\" frameborder=\"0\" allow=\"accelerometer; autoplay; clipboard-write; encrypted-media; gyroscope; picture-in-picture; web-share\" allowfullscreen><\/iframe>\n<\/div><\/figure><div class=\"wp-block-buttons is-content-justification-center is-layout-flex wp-container-core-buttons-is-layout-16018d1d wp-block-buttons-is-layout-flex\"><div class=\"wp-block-button\"><a class=\"wp-block-button__link wp-element-button\">Scopri di pi\u00f9<\/a><\/div><\/div>","protected":false},"excerpt":{"rendered":"<p>L\u2019Appennino Tosco-Emiliano Riserva Mab Unesco http:\/\/www.mabappennino.it\/ \u00e8 identificato fra Emilia e Toscana, dove il crinale tra la pianurae il mare, tra l\u2019Europa e il Mediterraneo \u00e8 motivo digrande ricchezza naturale e culturale. Il Programma dell&#8217;UNESCO &#8220;L&#8217;Uomo e la Biosfera&#8221; (MAB) \u00e8 un programma intergovernativo, lanciato nel 1971, che mira a creare una base scientifica per [&hellip;]<\/p>\n","protected":false},"author":1,"featured_media":865,"parent":0,"menu_order":0,"comment_status":"closed","ping_status":"closed","template":"","meta":{"om_disable_all_campaigns":false,"_monsterinsights_skip_tracking":false,"_monsterinsights_sitenote_active":false,"_monsterinsights_sitenote_note":"","_monsterinsights_sitenote_category":0,"_uf_show_specific_survey":0,"_uf_disable_surveys":false,"footnotes":""},"class_list":["post-848","page","type-page","status-publish","has-post-thumbnail","hentry"],"aioseo_notices":[],"jetpack_sharing_enabled":true,"_links":{"self":[{"href":"https:\/\/bordonedelpellegrino.it\/index.php\/wp-json\/wp\/v2\/pages\/848","targetHints":{"allow":["GET"]}}],"collection":[{"href":"https:\/\/bordonedelpellegrino.it\/index.php\/wp-json\/wp\/v2\/pages"}],"about":[{"href":"https:\/\/bordonedelpellegrino.it\/index.php\/wp-json\/wp\/v2\/types\/page"}],"author":[{"embeddable":true,"href":"https:\/\/bordonedelpellegrino.it\/index.php\/wp-json\/wp\/v2\/users\/1"}],"replies":[{"embeddable":true,"href":"https:\/\/bordonedelpellegrino.it\/index.php\/wp-json\/wp\/v2\/comments?post=848"}],"version-history":[{"count":2,"href":"https:\/\/bordonedelpellegrino.it\/index.php\/wp-json\/wp\/v2\/pages\/848\/revisions"}],"predecessor-version":[{"id":878,"href":"https:\/\/bordonedelpellegrino.it\/index.php\/wp-json\/wp\/v2\/pages\/848\/revisions\/878"}],"wp:featuredmedia":[{"embeddable":true,"href":"https:\/\/bordonedelpellegrino.it\/index.php\/wp-json\/wp\/v2\/media\/865"}],"wp:attachment":[{"href":"https:\/\/bordonedelpellegrino.it\/index.php\/wp-json\/wp\/v2\/media?parent=848"}],"curies":[{"name":"wp","href":"https:\/\/api.w.org\/{rel}","templated":true}]}}