{"id":820,"date":"2023-07-30T21:12:04","date_gmt":"2023-07-30T19:12:04","guid":{"rendered":"https:\/\/bordonedelpellegrino.it\/?page_id=820"},"modified":"2024-06-29T23:32:07","modified_gmt":"2024-06-29T21:32:07","slug":"feste-di-casola-delle-olle","status":"publish","type":"page","link":"https:\/\/bordonedelpellegrino.it\/index.php\/feste-di-casola-delle-olle\/","title":{"rendered":"Feste di &#8220;Casola delle Olle&#8221;"},"content":{"rendered":"<p><strong>APS Casola delle Olle: Rivivere la Cultura e le Tradizioni di Casola<\/strong><\/p><p>Nel cuore di Casola, un piccolo gioiello di storia e tradizione, l&#8217;Associazione di Promozione Sociale (APS) Casola delle Olle si dedica con passione a far rivivere la cultura e le tradizioni di questa affascinante localit\u00e0.<br>La missione dell&#8217;associazione \u00e8 valorizzare il patrimonio storico e culturale di Casola attraverso una serie di eventi enogastronomici e culturali che coinvolgono tutta la comunit\u00e0.<\/p><figure class=\"wp-block-image size-large\"><img loading=\"lazy\" decoding=\"async\" width=\"1024\" height=\"493\" src=\"https:\/\/bordonedelpellegrino.it\/wp-content\/uploads\/2024\/06\/Festa-Casola-1024x493.jpg\" alt=\"\" class=\"wp-image-1114\" srcset=\"https:\/\/bordonedelpellegrino.it\/wp-content\/uploads\/2024\/06\/Festa-Casola-1024x493.jpg 1024w, https:\/\/bordonedelpellegrino.it\/wp-content\/uploads\/2024\/06\/Festa-Casola-892x429.jpg 892w, https:\/\/bordonedelpellegrino.it\/wp-content\/uploads\/2024\/06\/Festa-Casola-300x144.jpg 300w, https:\/\/bordonedelpellegrino.it\/wp-content\/uploads\/2024\/06\/Festa-Casola-768x369.jpg 768w, https:\/\/bordonedelpellegrino.it\/wp-content\/uploads\/2024\/06\/Festa-Casola-1536x739.jpg 1536w, https:\/\/bordonedelpellegrino.it\/wp-content\/uploads\/2024\/06\/Festa-Casola-1320x635.jpg 1320w, https:\/\/bordonedelpellegrino.it\/wp-content\/uploads\/2024\/06\/Festa-Casola.jpg 1846w\" sizes=\"auto, (max-width: 1024px) 100vw, 1024px\" \/><\/figure><p>I sapori autentici sono al centro degli eventi enogastronomici organizzati da APS Casola delle Olle, ogni appuntamento \u00e8 un&#8217;occasione per assaporare piatti tipici e scoprire le eccellenze del territorio. L&#8217;associazione promuove l&#8217;uso di ingredienti locali e ricette tradizionali, offrendo ai visitatori un vero e proprio viaggio nel gusto.<\/p><figure class=\"wp-block-image size-large\"><img loading=\"lazy\" decoding=\"async\" width=\"1024\" height=\"488\" src=\"https:\/\/bordonedelpellegrino.it\/wp-content\/uploads\/2024\/06\/Festa-Casola-3-1024x488.jpg\" alt=\"\" class=\"wp-image-1113\" srcset=\"https:\/\/bordonedelpellegrino.it\/wp-content\/uploads\/2024\/06\/Festa-Casola-3-1024x488.jpg 1024w, https:\/\/bordonedelpellegrino.it\/wp-content\/uploads\/2024\/06\/Festa-Casola-3-892x425.jpg 892w, https:\/\/bordonedelpellegrino.it\/wp-content\/uploads\/2024\/06\/Festa-Casola-3-300x143.jpg 300w, https:\/\/bordonedelpellegrino.it\/wp-content\/uploads\/2024\/06\/Festa-Casola-3-768x366.jpg 768w, https:\/\/bordonedelpellegrino.it\/wp-content\/uploads\/2024\/06\/Festa-Casola-3-1536x731.jpg 1536w, https:\/\/bordonedelpellegrino.it\/wp-content\/uploads\/2024\/06\/Festa-Casola-3-1320x629.jpg 1320w, https:\/\/bordonedelpellegrino.it\/wp-content\/uploads\/2024\/06\/Festa-Casola-3.jpg 1850w\" sizes=\"auto, (max-width: 1024px) 100vw, 1024px\" \/><\/figure><p>La cultura di Casola \u00e8 ricca e variegata, e APS Casola delle Olle si impegna a mantenerla viva attraverso eventi culturali coinvolgenti. Mostre, spettacoli, conferenze  esplorano la storia, l&#8217;arte e le tradizioni locali. Ogni evento \u00e8 pensato per educare e ispirare, creando un legame tra passato e presente.<\/p><p>Sant Apollinare \u00e8 il Patrono, oltre che di Casola, anche di Ravenna e dell\u2019intera Emilia-Romagna. La festa di Sant&#8217;Apollinare si festeggia abitualmente la prima domenica dopo il 23 luglio ed \u00e8 occasione di grande festa: da anni ormai dopo la Santa Messa si svolge un evento presso il capetto sportivo del paese.<br>Di solito gli eventi sono a fine giugno, a fine luglio, fine agosto e la stagione si conclude con la castagnata ad ottobre.<\/p><figure class=\"wp-block-image size-large\"><img loading=\"lazy\" decoding=\"async\" width=\"1024\" height=\"490\" src=\"https:\/\/bordonedelpellegrino.it\/wp-content\/uploads\/2024\/06\/Festa-Casola-2-1024x490.jpg\" alt=\"\" class=\"wp-image-1112\" srcset=\"https:\/\/bordonedelpellegrino.it\/wp-content\/uploads\/2024\/06\/Festa-Casola-2-1024x490.jpg 1024w, https:\/\/bordonedelpellegrino.it\/wp-content\/uploads\/2024\/06\/Festa-Casola-2-892x426.jpg 892w, https:\/\/bordonedelpellegrino.it\/wp-content\/uploads\/2024\/06\/Festa-Casola-2-300x143.jpg 300w, https:\/\/bordonedelpellegrino.it\/wp-content\/uploads\/2024\/06\/Festa-Casola-2-768x367.jpg 768w, https:\/\/bordonedelpellegrino.it\/wp-content\/uploads\/2024\/06\/Festa-Casola-2-1536x734.jpg 1536w, https:\/\/bordonedelpellegrino.it\/wp-content\/uploads\/2024\/06\/Festa-Casola-2-1320x631.jpg 1320w, https:\/\/bordonedelpellegrino.it\/wp-content\/uploads\/2024\/06\/Festa-Casola-2.jpg 1847w\" sizes=\"auto, (max-width: 1024px) 100vw, 1024px\" \/><\/figure><p>APS Casola delle Olle \u00e8 sempre alla ricerca di nuovi membri e volontari che condividano la passione per Casola. Partecipare alle attivit\u00e0 dell&#8217;associazione significa entrare a far parte di una comunit\u00e0 dinamica e impegnata nella valorizzazione del proprio territorio. Insieme, possono continuare a far vivere le tradizioni e la cultura di Casola per le future generazioni.<\/p><p><strong>Contatti<\/strong><\/p><p>Per ulteriori informazioni sugli eventi e le attivit\u00e0 di APS Casola delle Olle, o per sapere come diventare soci, non esitate a contattarli. L&#8217;associazione \u00e8 entusiasta di accogliere nuovi membri nella loro famiglia e di condividere l&#8217;amore per Casola.<\/p><p><strong>Seguirli sui Social<\/strong><\/p><p>Restare aggiornati sulle iniziative di APS Casola delle Olle \u00e8 facile seguendoli sui social media, dove condividono regolarmente notizie, foto e aggiornamenti sugli eventi in programma. <a href=\"https:\/\/www.facebook.com\/CasoladelleOlle\">https:\/\/www.facebook.com\/CasoladelleOlle<\/a><\/p><p>APS Casola delle Olle: Dove la tradizione incontra la passione, e la cultura prende vita.<\/p><p><\/p>","protected":false},"excerpt":{"rendered":"<p>APS Casola delle Olle: Rivivere la Cultura e le Tradizioni di Casola Nel cuore di Casola, un piccolo gioiello di storia e tradizione, l&#8217;Associazione di Promozione Sociale (APS) Casola delle Olle si dedica con passione a far rivivere la cultura e le tradizioni di questa affascinante localit\u00e0.La missione dell&#8217;associazione \u00e8 valorizzare il patrimonio storico e [&hellip;]<\/p>\n","protected":false},"author":1,"featured_media":1114,"parent":0,"menu_order":0,"comment_status":"closed","ping_status":"closed","template":"","meta":{"om_disable_all_campaigns":false,"_monsterinsights_skip_tracking":false,"_monsterinsights_sitenote_active":false,"_monsterinsights_sitenote_note":"","_monsterinsights_sitenote_category":0,"_uf_show_specific_survey":0,"_uf_disable_surveys":false,"footnotes":""},"class_list":["post-820","page","type-page","status-publish","has-post-thumbnail","hentry"],"aioseo_notices":[],"jetpack_sharing_enabled":true,"_links":{"self":[{"href":"https:\/\/bordonedelpellegrino.it\/index.php\/wp-json\/wp\/v2\/pages\/820","targetHints":{"allow":["GET"]}}],"collection":[{"href":"https:\/\/bordonedelpellegrino.it\/index.php\/wp-json\/wp\/v2\/pages"}],"about":[{"href":"https:\/\/bordonedelpellegrino.it\/index.php\/wp-json\/wp\/v2\/types\/page"}],"author":[{"embeddable":true,"href":"https:\/\/bordonedelpellegrino.it\/index.php\/wp-json\/wp\/v2\/users\/1"}],"replies":[{"embeddable":true,"href":"https:\/\/bordonedelpellegrino.it\/index.php\/wp-json\/wp\/v2\/comments?post=820"}],"version-history":[{"count":2,"href":"https:\/\/bordonedelpellegrino.it\/index.php\/wp-json\/wp\/v2\/pages\/820\/revisions"}],"predecessor-version":[{"id":1123,"href":"https:\/\/bordonedelpellegrino.it\/index.php\/wp-json\/wp\/v2\/pages\/820\/revisions\/1123"}],"wp:featuredmedia":[{"embeddable":true,"href":"https:\/\/bordonedelpellegrino.it\/index.php\/wp-json\/wp\/v2\/media\/1114"}],"wp:attachment":[{"href":"https:\/\/bordonedelpellegrino.it\/index.php\/wp-json\/wp\/v2\/media?parent=820"}],"curies":[{"name":"wp","href":"https:\/\/api.w.org\/{rel}","templated":true}]}}