{"id":809,"date":"2023-07-30T18:10:00","date_gmt":"2023-07-30T16:10:00","guid":{"rendered":"https:\/\/bordonedelpellegrino.it\/?page_id=809"},"modified":"2023-08-06T14:24:12","modified_gmt":"2023-08-06T12:24:12","slug":"escursioni-e-sentieri","status":"publish","type":"page","link":"https:\/\/bordonedelpellegrino.it\/index.php\/escursioni-e-sentieri\/","title":{"rendered":"Escursioni e sentieri"},"content":{"rendered":"<div class=\"wp-block-media-text alignwide is-stacked-on-mobile is-image-fill\"><figure class=\"wp-block-media-text__media\" style=\"background-image:url(https:\/\/bordonedelpellegrino.it\/wp-content\/uploads\/2023\/08\/20210923_190338-01-576x1024.jpeg);background-position:49% 62%\"><img loading=\"lazy\" decoding=\"async\" width=\"576\" height=\"1024\" src=\"https:\/\/bordonedelpellegrino.it\/wp-content\/uploads\/2023\/08\/20210923_190338-01-576x1024.jpeg\" alt=\"\" class=\"wp-image-913 size-full\" srcset=\"https:\/\/bordonedelpellegrino.it\/wp-content\/uploads\/2023\/08\/20210923_190338-01-576x1024.jpeg 576w, https:\/\/bordonedelpellegrino.it\/wp-content\/uploads\/2023\/08\/20210923_190338-01-892x1586.jpeg 892w, https:\/\/bordonedelpellegrino.it\/wp-content\/uploads\/2023\/08\/20210923_190338-01-169x300.jpeg 169w, https:\/\/bordonedelpellegrino.it\/wp-content\/uploads\/2023\/08\/20210923_190338-01-768x1365.jpeg 768w, https:\/\/bordonedelpellegrino.it\/wp-content\/uploads\/2023\/08\/20210923_190338-01-864x1536.jpeg 864w, https:\/\/bordonedelpellegrino.it\/wp-content\/uploads\/2023\/08\/20210923_190338-01-1152x2048.jpeg 1152w, https:\/\/bordonedelpellegrino.it\/wp-content\/uploads\/2023\/08\/20210923_190338-01-1320x2347.jpeg 1320w, https:\/\/bordonedelpellegrino.it\/wp-content\/uploads\/2023\/08\/20210923_190338-01-scaled.jpeg 1440w\" sizes=\"auto, (max-width: 576px) 100vw, 576px\" \/><\/figure><div class=\"wp-block-media-text__content\"><p>Benvenuti alla scoperta di emozionanti escursioni adatte a tutti i livelli di capacit\u00e0 e interessi. <\/p>\n\n<p>Questi percorsi ad anello offrono l&#8217;incredibile vantaggio di tornare esattamente al punto di partenza, rendendo l&#8217;esperienza senza stress e comoda per tutti. <\/p>\n\n<p>Preparatevi a immergervi nella bellezza della natura, a godere di panorami mozzafiato e a vivere avventure indimenticabili.<\/p><\/div><\/div><h3 class=\"wp-block-heading\">Anello di Casola<\/h3><p>Partendo da Puilio, una volta raggiunto Villa, anzich\u00e9 scendere verso il Mulino d\u2019Arso, si imbocca la via Francigena per un breve tratto fino a Castello e da l\u00ec si prosegue per Puilio.<\/p><iframe loading=\"lazy\" frameBorder=\"0\" scrolling=\"no\" src=\"https:\/\/www.wikiloc.com\/wikiloc\/spatialArtifacts.do?event=view&#038;id=142766950&#038;measures=on&#038;title=on&#038;near=off&#038;images=off&#038;maptype=T\" width=\"1000\" height=\"600\"><\/iframe><div style=\"color:#777;font-size:11px;line-height:16px;\">Powered by <a style=\"color:#06d;font-size:11px;line-height:16px;\" target=\"_blank\" href=\"https:\/\/www.wikiloc.com\" rel=\"noopener\">Wikiloc<\/a><\/div><div class=\"wp-block-buttons is-layout-flex wp-block-buttons-is-layout-flex\"><div class=\"wp-block-button\"><a class=\"wp-block-button__link wp-element-button\" href=\"https:\/\/bordonedelpellegrino.it\/Coordinate\/Anello%20Casola.gpx\" target=\"_blank\" rel=\"noreferrer noopener\">Scarica percorso anello casola in formato gpx<\/a><\/div><\/div><h3 class=\"wp-block-heading\">Anello di CaStorti<\/h3><p>Quando arrivate a Ca\u2019 Storti dalla s.s. 62 della Cisa, nei pressi da Casola, il Monte Croce vi apparir\u00e0 come una insignificante collinetta senza alcun particolare interesse. Ma non appena sarete arrivati nei pressi della vetta, superando un piccolo dislivello di solo 150 metri, vi si aprir\u00e0 uno stupendo scenario che si estende dal crinale fino alla pianura e alla catena alpina. Il percorso continua scendendo in direzione di Calestano. Dopo circa un chilometro di cammino dalla vetta imboccate, sulla vostra destra, il sentiero che conduce a Puilio; passata una ripida ed impervia discesa il tracciato corre, quasi in piano, a mezza costa seguendo una antica mulattiera. Un tratto molto suggestivo per le stupende vedute sulla valle e per l\u2019atmosfera selvaggia che vi si respira. Da Puilio si sale a Lughero per ritornare in breve al punto di partenza.<\/p><iframe loading=\"lazy\" frameBorder=\"0\" scrolling=\"no\" src=\"https:\/\/www.wikiloc.com\/wikiloc\/spatialArtifacts.do?event=view&#038;id=142773810&#038;measures=on&#038;title=on&#038;near=off&#038;images=off&#038;maptype=T\" width=\"1000\" height=\"600\"><\/iframe><div style=\"color:#777;font-size:11px;line-height:16px;\">Powered by <a style=\"color:#06d;font-size:11px;line-height:16px;\" target=\"_blank\" href=\"https:\/\/www.wikiloc.com\" rel=\"noopener\">Wikiloc<\/a><\/div><div class=\"wp-block-buttons is-layout-flex wp-block-buttons-is-layout-flex\"><div class=\"wp-block-button\"><a class=\"wp-block-button__link wp-element-button\" href=\"https:\/\/bordonedelpellegrino.it\/Coordinate\/Anello%20CaStorti.gpx\">Scarica percorso anello castorti in formato gpx<\/a><\/div><\/div><h3 class=\"wp-block-heading\">Anello di Monte Croce<\/h3><p>Partendo da Calestano, passato il ponte s\u2019imbocca sulla sinistra un sentiero che aggirando il piccolo borgo di Montale sale fino quasi a Goiano. Da l\u00ec si prosegue la salita lungo una carraia che attraversa una fitta pineta. Subito dopo la pineta si abbandona la carraia per imboccare a sinistra un sentiero che proseguendo quasi in piano raggiunge la cresta che sale sul Croce. Ma anzich\u00e9 raggiungere la vetta per quel sentiero aggirate la montagna fino ai borghi di Puilio e Lughero. Fate molta attenzione: il tratto di sentiero che dall\u2019inizio della cresta raggiunge la mulattiera che porta a Puilio si confonde con la vegetazione; se non siete pratici della zona \u00e8 opportuno utilizzare un navigatore GPS. Dopo aver attraversato i borghi di Puilio e Lughero salite sulla vetta da dove inizierete una ripida discesa che in breve vi riporter\u00e0 a Calestano.<\/p><iframe loading=\"lazy\" frameBorder=\"0\" scrolling=\"no\" src=\"https:\/\/www.wikiloc.com\/wikiloc\/spatialArtifacts.do?event=view&#038;id=142774240&#038;measures=on&#038;title=on&#038;near=off&#038;images=off&#038;maptype=T\" width=\"1000\" height=\"600\"><\/iframe><div style=\"color:#777;font-size:11px;line-height:16px;\">Powered by <a style=\"color:#06d;font-size:11px;line-height:16px;\" target=\"_blank\" href=\"https:\/\/www.wikiloc.com\" rel=\"noopener\">Wikiloc<\/a><\/div><div class=\"wp-block-buttons is-layout-flex wp-block-buttons-is-layout-flex\"><div class=\"wp-block-button\"><a class=\"wp-block-button__link wp-element-button\" href=\"https:\/\/bordonedelpellegrino.it\/Coordinate\/Anello%20Monte%20Croce.gpx\">Scarica percorso anello monte croce in formato gpx<\/a><\/div><\/div><h3 class=\"wp-block-heading\">Anello di breve<\/h3><p>Partendo da Castello di Casola si percorre per un breve tratto la Via Francigena fino Villa; da l\u00ec, a fianco dell\u2019ultima casa del borgo, s\u2019imbocca la vecchia mulattiera che conduce al mulino d\u2019Arso e che conserva ancora il suo bellissimo selciato originale. Giunti ai piedi del flysch del Monte Caio il sentiero apparir\u00e0, per un breve tratto piuttosto sconnesso a causa delle terreno molto friabile. Pi\u00f9 in basso ritroverete il selciato del sentiero fiancheggiato da muretto in pietra fino a raggiungere il greto del Baganza. Sulla sponda opposta troverete il mulino d\u2019Arso ancora ben conservato. Si prosegue sulla sponda opposta attraversando il Rio d\u2019Arso fin quasi alla pieve di Ravarano. Da li si prosegue verso Tavolana lungo un sentiero che attraversa un bellissimo bosco, al momento ancora risparmiato dai devastanti tagli che minacciano la Val Baganza. Di nuovo si guada il Baganza per riprendere la carraia che risale a Casola che corre sotto la costa dell\u2019Inferno.<\/p><iframe loading=\"lazy\" frameBorder=\"0\" scrolling=\"no\" src=\"https:\/\/www.wikiloc.com\/wikiloc\/spatialArtifacts.do?event=view&#038;id=142776806&#038;measures=on&#038;title=on&#038;near=off&#038;images=off&#038;maptype=T\" width=\"1000\" height=\"600\"><\/iframe><div style=\"color:#777;font-size:11px;line-height:16px;\">Powered by <a style=\"color:#06d;font-size:11px;line-height:16px;\" target=\"_blank\" href=\"https:\/\/www.wikiloc.com\" rel=\"noopener\">Wikiloc<\/a><\/div><div class=\"wp-block-buttons is-layout-flex wp-block-buttons-is-layout-flex\"><div class=\"wp-block-button\"><a class=\"wp-block-button__link wp-element-button\" href=\"https:\/\/bordonedelpellegrino.it\/Coordinate\/Anello%20Breve.gpx\">Scarica percorso anello breve in formato gpx<\/a><\/div><\/div><h3 class=\"wp-block-heading\">Anello di basso<\/h3><p>Questo itinerario \u00e8 una variante dell&#8217;Anello alto ma \u00e8 pi\u00f9 impegnativo in quanto raggiunge Villa Casola attraversando un tratto che, a causa dell\u2019abbandono, \u00e8 ricoperto da una fitta vegetazione. Occorre quindi percorrerlo con qualcuno che abbia una ottima conoscenza del terreno. Questa volta si parte da Puilio e s\u2019imbocca alla fine della piazzetta a destra la carraia che scende subito in una fitto bosco. Giunti quasi in prossimit\u00e0 del torrente troverete una radura che si sta lentamente ricoprendo di alberi. Poco sotto troverete alcune casette diroccate da dove risalirete, lungo un ripido sentiero, fino sulla costa dell\u2019Inferno. Giunti in cresta proseguirete lungo una carrareccia che, quasi in piano arriva fino Villa Casola. Da li proseguirete esattamente come spiegato del percorso precedente (Anello alto).<\/p><iframe loading=\"lazy\" frameBorder=\"0\" scrolling=\"no\" src=\"https:\/\/www.wikiloc.com\/wikiloc\/spatialArtifacts.do?event=view&#038;id=142776329&#038;measures=on&#038;title=on&#038;near=off&#038;images=off&#038;maptype=T\" width=\"1000\" height=\"600\"><\/iframe><div style=\"color:#777;font-size:11px;line-height:16px;\">Powered by <a style=\"color:#06d;font-size:11px;line-height:16px;\" target=\"_blank\" href=\"https:\/\/www.wikiloc.com\" rel=\"noopener\">Wikiloc<\/a><\/div><div class=\"wp-block-buttons is-layout-flex wp-block-buttons-is-layout-flex\"><div class=\"wp-block-button\"><a class=\"wp-block-button__link wp-element-button\" href=\"https:\/\/bordonedelpellegrino.it\/Coordinate\/Anello%20Basso.gpx\" target=\"_blank\" rel=\"noreferrer noopener\">Scarica percorso anello basso in formato gpx<\/a><\/div><\/div><h3 class=\"wp-block-heading\">Anello di alto<\/h3><p>Questa passeggiata, un po\u2019 pi\u00f9 impegnativa, allunga il percorso Anello breve ritornando a Casola risalendo la vallecola del Rio d\u2019Adello. Giunti quindi a Tavolana, anzich\u00e9 risalire la carraia che costeggia la costa dell\u2019Inferno si prosegue lungo una carrareccia che da scende in Baganza in prossimit\u00e0 di Armorano; si guada il Baganza e si risale un breve ma impervio sentiero che porta a Ca\u2019 d\u2019Adello. Da l\u00ec s\u2019imbocca una stradina che risale la vallecola del Rio d\u2019Adello e termina a Puilio da dove, in breve, potrete raggiungere il punto di partenza.<\/p><iframe loading=\"lazy\" frameBorder=\"0\" scrolling=\"no\" src=\"https:\/\/www.wikiloc.com\/wikiloc\/spatialArtifacts.do?event=view&#038;id=142775901&#038;measures=on&#038;title=on&#038;near=off&#038;images=off&#038;maptype=T\" width=\"1000\" height=\"600\"><\/iframe><div style=\"color:#777;font-size:11px;line-height:16px;\">Powered by <a style=\"color:#06d;font-size:11px;line-height:16px;\" target=\"_blank\" href=\"https:\/\/www.wikiloc.com\" rel=\"noopener\">Wikiloc<\/a><\/div><div class=\"wp-block-buttons is-layout-flex wp-block-buttons-is-layout-flex\"><div class=\"wp-block-button\"><a class=\"wp-block-button__link wp-element-button\" href=\"https:\/\/bordonedelpellegrino.it\/Coordinate\/Anello%20Alto.gpx\">Scarica percorso anello alto in formato gpx<\/a><\/div><\/div><p>N.B. Tutti i percorsi sono stati realizzati da <strong>Roberto Cavanna<\/strong>, che ringrazio per la disponibilit\u00e0 nel condividerli, ottimo fotografo e grande camminatore, che ha recuperato un posto da sogno come <a href=\"https:\/\/www.cadadello.com\/\" target=\"_blank\" rel=\"noopener\" title=\"\">Ca d&#8217;Adello<\/a><\/p>","protected":false},"excerpt":{"rendered":"<p>Benvenuti alla scoperta di emozionanti escursioni adatte a tutti i livelli di capacit\u00e0 e interessi. Questi percorsi ad anello offrono l&#8217;incredibile vantaggio di tornare esattamente al punto di partenza, rendendo l&#8217;esperienza senza stress e comoda per tutti. Preparatevi a immergervi nella bellezza della natura, a godere di panorami mozzafiato e a vivere avventure indimenticabili. Anello [&hellip;]<\/p>\n","protected":false},"author":1,"featured_media":917,"parent":0,"menu_order":0,"comment_status":"closed","ping_status":"closed","template":"","meta":{"om_disable_all_campaigns":false,"_monsterinsights_skip_tracking":false,"_monsterinsights_sitenote_active":false,"_monsterinsights_sitenote_note":"","_monsterinsights_sitenote_category":0,"_uf_show_specific_survey":0,"_uf_disable_surveys":false,"footnotes":""},"class_list":["post-809","page","type-page","status-publish","has-post-thumbnail","hentry"],"aioseo_notices":[],"jetpack_sharing_enabled":true,"_links":{"self":[{"href":"https:\/\/bordonedelpellegrino.it\/index.php\/wp-json\/wp\/v2\/pages\/809","targetHints":{"allow":["GET"]}}],"collection":[{"href":"https:\/\/bordonedelpellegrino.it\/index.php\/wp-json\/wp\/v2\/pages"}],"about":[{"href":"https:\/\/bordonedelpellegrino.it\/index.php\/wp-json\/wp\/v2\/types\/page"}],"author":[{"embeddable":true,"href":"https:\/\/bordonedelpellegrino.it\/index.php\/wp-json\/wp\/v2\/users\/1"}],"replies":[{"embeddable":true,"href":"https:\/\/bordonedelpellegrino.it\/index.php\/wp-json\/wp\/v2\/comments?post=809"}],"version-history":[{"count":20,"href":"https:\/\/bordonedelpellegrino.it\/index.php\/wp-json\/wp\/v2\/pages\/809\/revisions"}],"predecessor-version":[{"id":967,"href":"https:\/\/bordonedelpellegrino.it\/index.php\/wp-json\/wp\/v2\/pages\/809\/revisions\/967"}],"wp:featuredmedia":[{"embeddable":true,"href":"https:\/\/bordonedelpellegrino.it\/index.php\/wp-json\/wp\/v2\/media\/917"}],"wp:attachment":[{"href":"https:\/\/bordonedelpellegrino.it\/index.php\/wp-json\/wp\/v2\/media?parent=809"}],"curies":[{"name":"wp","href":"https:\/\/api.w.org\/{rel}","templated":true}]}}