{"id":1080,"date":"2024-06-30T10:05:00","date_gmt":"2024-06-30T08:05:00","guid":{"rendered":"https:\/\/bordonedelpellegrino.it\/?page_id=1080"},"modified":"2024-12-10T21:12:34","modified_gmt":"2024-12-10T20:12:34","slug":"sburlone","status":"publish","type":"page","link":"https:\/\/bordonedelpellegrino.it\/index.php\/sburlone\/","title":{"rendered":"Sburlone"},"content":{"rendered":"<div class=\"wp-block-media-text is-stacked-on-mobile is-image-fill-element\"><figure class=\"wp-block-media-text__media\"><img loading=\"lazy\" decoding=\"async\" width=\"425\" height=\"506\" src=\"https:\/\/bordonedelpellegrino.it\/wp-content\/uploads\/2024\/06\/Sburlone1.jpg\" alt=\"\" class=\"wp-image-1149 size-full\" style=\"object-position:50% 50%\" srcset=\"https:\/\/bordonedelpellegrino.it\/wp-content\/uploads\/2024\/06\/Sburlone1.jpg 425w, https:\/\/bordonedelpellegrino.it\/wp-content\/uploads\/2024\/06\/Sburlone1-252x300.jpg 252w\" sizes=\"auto, (max-width: 425px) 100vw, 425px\" \/><\/figure><div class=\"wp-block-media-text__content\"><p>Lo Sburlone \u00e8 un pregiato liquore artigianale, realizzato con mele cotogne di alta qualit\u00e0. Seguendo una ricetta tradizionale tramandata nel tempo, ogni bottiglia di Sburlone \u00e8 il risultato di un processo attento e meticoloso che inizia con la selezione manuale delle migliori mele cotogne.<\/p>\n\n<p>Queste vengono poi accuratamente lavate e lavorate e infuse con alcol, permettendo cos\u00ec di estrarre tutti gli aromi naturali e creando un liquore dal sapore unico e inconfondibile.<\/p>\n\n<p>Dal punto di vista organolettico, Sburlone si presenta con un colore dorato intenso, limpido e brillante, che cattura subito l&#8217;occhio. All&#8217;olfatto, il bouquet \u00e8 ricco e complesso, rivelando note fruttate predominanti di mela cotogna, accompagnate da delicati sentori floreali e un leggero accenno di miele.<\/p><\/div><\/div><div class=\"wp-block-media-text has-media-on-the-right is-stacked-on-mobile is-image-fill-element\"><div class=\"wp-block-media-text__content\"><p>Al palato, Sburlone offre un&#8217;esperienza gustativa avvolgente e armoniosa, dove il sapore dolce e fruttato della mela cotogna \u00e8 bilanciato da una piacevole freschezza. Il finale \u00e8 lungo e persistente, lasciando una sensazione di morbidezza e calore che invita a un altro sorso. La sua struttura \u00e8 corposa e vellutata, con una consistenza liscia che accarezza il palato.<\/p><\/div><figure class=\"wp-block-media-text__media\"><img loading=\"lazy\" decoding=\"async\" width=\"840\" height=\"420\" src=\"https:\/\/bordonedelpellegrino.it\/wp-content\/uploads\/2024\/06\/Sburlone2.jpg\" alt=\"\" class=\"wp-image-1150 size-full\" style=\"object-position:50% 50%\" srcset=\"https:\/\/bordonedelpellegrino.it\/wp-content\/uploads\/2024\/06\/Sburlone2.jpg 840w, https:\/\/bordonedelpellegrino.it\/wp-content\/uploads\/2024\/06\/Sburlone2-300x150.jpg 300w, https:\/\/bordonedelpellegrino.it\/wp-content\/uploads\/2024\/06\/Sburlone2-768x384.jpg 768w\" sizes=\"auto, (max-width: 840px) 100vw, 840px\" \/><\/figure><\/div><div class=\"wp-block-media-text is-stacked-on-mobile\"><figure class=\"wp-block-media-text__media\"><img loading=\"lazy\" decoding=\"async\" width=\"576\" height=\"1024\" src=\"https:\/\/bordonedelpellegrino.it\/wp-content\/uploads\/2023\/07\/20210905_120205-01-576x1024.jpeg\" alt=\"\" class=\"wp-image-779 size-full\" srcset=\"https:\/\/bordonedelpellegrino.it\/wp-content\/uploads\/2023\/07\/20210905_120205-01-576x1024.jpeg 576w, https:\/\/bordonedelpellegrino.it\/wp-content\/uploads\/2023\/07\/20210905_120205-01-892x1586.jpeg 892w, https:\/\/bordonedelpellegrino.it\/wp-content\/uploads\/2023\/07\/20210905_120205-01-169x300.jpeg 169w, https:\/\/bordonedelpellegrino.it\/wp-content\/uploads\/2023\/07\/20210905_120205-01-768x1365.jpeg 768w, https:\/\/bordonedelpellegrino.it\/wp-content\/uploads\/2023\/07\/20210905_120205-01-864x1536.jpeg 864w, https:\/\/bordonedelpellegrino.it\/wp-content\/uploads\/2023\/07\/20210905_120205-01-1152x2048.jpeg 1152w, https:\/\/bordonedelpellegrino.it\/wp-content\/uploads\/2023\/07\/20210905_120205-01-1320x2347.jpeg 1320w, https:\/\/bordonedelpellegrino.it\/wp-content\/uploads\/2023\/07\/20210905_120205-01-scaled.jpeg 1440w\" sizes=\"auto, (max-width: 576px) 100vw, 576px\" \/><\/figure><div class=\"wp-block-media-text__content\"><p>Il liquore Sburlone pu\u00f2 essere apprezzato in diversi modi, adattandosi a varie occasioni. Servito liscio, a temperatura ambiente o leggermente raffreddato, permette di assaporare ogni sfumatura del suo complesso profilo aromatico. <\/p>\n\n<p>Versato su ghiaccio, rivela una freschezza rinfrescante che esalta le sue note fruttate. Come ingrediente per cocktail creativi, Sburlone aggiunge un tocco unico a un Martini con una twist di mela cotogna, o a un cocktail fruttato con aggiunta di succo di agrumi. Inoltre, \u00e8 perfetto per accompagnare dolci e pasticceria secca, come una torta di mele, crostate o biscotti alle mandorle.<\/p>\n\n<p>Grazie alla sua dolcezza naturale e alla struttura vellutata, Sburlone \u00e8 anche un ottimo digestivo da gustare a fine pasto.<\/p>\n\n<p>Scopri il piacere unico del liquore Sburlone, una vera eccellenza artigianale che celebra le mele cotogne con gusto e raffinatezza.<\/p><\/div><\/div><h3 class=\"wp-block-heading has-text-align-center\">Scheda tecnica<\/h3><div class=\"wp-block-media-text is-stacked-on-mobile is-vertically-aligned-center\" style=\"grid-template-columns:36% auto\"><figure class=\"wp-block-media-text__media\"><img loading=\"lazy\" decoding=\"async\" width=\"800\" height=\"800\" src=\"https:\/\/bordonedelpellegrino.it\/wp-content\/uploads\/2023\/08\/Eticetta-Nocino.jpg\" alt=\"\" class=\"wp-image-988 size-full\" srcset=\"https:\/\/bordonedelpellegrino.it\/wp-content\/uploads\/2023\/08\/Eticetta-Nocino.jpg 800w, https:\/\/bordonedelpellegrino.it\/wp-content\/uploads\/2023\/08\/Eticetta-Nocino-100x100.jpg 100w, https:\/\/bordonedelpellegrino.it\/wp-content\/uploads\/2023\/08\/Eticetta-Nocino-300x300.jpg 300w, https:\/\/bordonedelpellegrino.it\/wp-content\/uploads\/2023\/08\/Eticetta-Nocino-150x150.jpg 150w, https:\/\/bordonedelpellegrino.it\/wp-content\/uploads\/2023\/08\/Eticetta-Nocino-768x768.jpg 768w\" sizes=\"auto, (max-width: 800px) 100vw, 800px\" \/><\/figure><div class=\"wp-block-media-text__content\"><p><\/p>\n\n<figure class=\"wp-block-table\"><table><tbody><tr><td>Ingredienti<\/td><td>Alcool, Acqua,<br>Mele cotogne(<em>Cydonia oblonga<\/em>), Zucchero<\/td><\/tr><tr><td>Tipologia<\/td><td>Liquore<\/td><\/tr><tr><td>Zona di produzione<\/td><td>Castello di Casola<br>Terenzo (PR)<br>Emilia Romagna<\/td><\/tr><tr><td>Metodo di produzione<\/td><td>Infusione idroalcolica di mele cotogne<\/td><\/tr><tr><td>Grado Alcolico<\/td><td>39\u00b0<\/td><\/tr><tr><td>Contenuto<\/td><td>50 Cl.<\/td><\/tr><\/tbody><\/table><\/figure><\/div><\/div><h3 class=\"wp-block-heading has-text-align-center\">Caratteristiche organolettiche<\/h3><div class=\"wp-block-media-text has-media-on-the-right is-stacked-on-mobile is-image-fill-element\" style=\"grid-template-columns:auto 33%\"><div class=\"wp-block-media-text__content\"><p><\/p>\n\n<figure class=\"wp-block-table\"><table><tbody><tr><td>Vista<\/td><td>Dorato inteso<\/td><\/tr><tr><td>Olfatto<\/td><td>Fine<\/td><\/tr><tr><td>Gusto<\/td><td>Sentori floreali e un leggero accenno di miele.<\/td><\/tr><tr><td>Abbinamenti<\/td><td>Digestivo a fine pasto o in cocktail <\/td><\/tr><tr><td>Temperatura di servizio<\/td><td>13\u00b0 C o ghiacciato<\/td><\/tr><tr><td>Bicchiere consigliato<\/td><td>Bicchiere Amaro\/mescita Piemontese Cl. 10<\/td><\/tr><\/tbody><\/table><\/figure><\/div><figure class=\"wp-block-media-text__media\"><img loading=\"lazy\" decoding=\"async\" width=\"576\" height=\"1024\" src=\"https:\/\/bordonedelpellegrino.it\/wp-content\/uploads\/2023\/08\/20210501_195535-01-576x1024.jpeg\" alt=\"\" class=\"wp-image-989 size-full\" style=\"object-position:50% 50%\" srcset=\"https:\/\/bordonedelpellegrino.it\/wp-content\/uploads\/2023\/08\/20210501_195535-01-576x1024.jpeg 576w, https:\/\/bordonedelpellegrino.it\/wp-content\/uploads\/2023\/08\/20210501_195535-01-892x1586.jpeg 892w, https:\/\/bordonedelpellegrino.it\/wp-content\/uploads\/2023\/08\/20210501_195535-01-169x300.jpeg 169w, https:\/\/bordonedelpellegrino.it\/wp-content\/uploads\/2023\/08\/20210501_195535-01-768x1365.jpeg 768w, https:\/\/bordonedelpellegrino.it\/wp-content\/uploads\/2023\/08\/20210501_195535-01-864x1536.jpeg 864w, https:\/\/bordonedelpellegrino.it\/wp-content\/uploads\/2023\/08\/20210501_195535-01-1152x2048.jpeg 1152w, https:\/\/bordonedelpellegrino.it\/wp-content\/uploads\/2023\/08\/20210501_195535-01-1320x2347.jpeg 1320w, https:\/\/bordonedelpellegrino.it\/wp-content\/uploads\/2023\/08\/20210501_195535-01-scaled.jpeg 1440w\" sizes=\"auto, (max-width: 576px) 100vw, 576px\" \/><\/figure><\/div><div class=\"wp-block-columns is-layout-flex wp-container-core-columns-is-layout-9d6595d7 wp-block-columns-is-layout-flex\"><div class=\"wp-block-column is-layout-flow wp-block-column-is-layout-flow\" style=\"flex-basis:1%\"><figure class=\"wp-block-image size-full is-resized\"><img loading=\"lazy\" decoding=\"async\" width=\"1000\" height=\"1014\" src=\"https:\/\/bordonedelpellegrino.it\/wp-content\/uploads\/2023\/08\/LogoVinoGravidanza.jpg\" alt=\"\" class=\"wp-image-1002\" style=\"width:44px;height:undefinedpx\" srcset=\"https:\/\/bordonedelpellegrino.it\/wp-content\/uploads\/2023\/08\/LogoVinoGravidanza.jpg 1000w, https:\/\/bordonedelpellegrino.it\/wp-content\/uploads\/2023\/08\/LogoVinoGravidanza-100x100.jpg 100w, https:\/\/bordonedelpellegrino.it\/wp-content\/uploads\/2023\/08\/LogoVinoGravidanza-892x904.jpg 892w, https:\/\/bordonedelpellegrino.it\/wp-content\/uploads\/2023\/08\/LogoVinoGravidanza-296x300.jpg 296w, https:\/\/bordonedelpellegrino.it\/wp-content\/uploads\/2023\/08\/LogoVinoGravidanza-768x779.jpg 768w\" sizes=\"auto, (max-width: 1000px) 100vw, 1000px\" \/><\/figure><\/div>\n\n<div class=\"wp-block-column is-layout-flow wp-block-column-is-layout-flow\" style=\"flex-basis:99%\"><p>Il consumo di bevande alcoliche durante la gravidanza, anche in piccole quantit\u00e0, pu\u00f2 avere gravi conseguenze per la salute del bambino.<\/p><\/div><\/div><div class=\"wp-block-columns is-layout-flex wp-container-core-columns-is-layout-9d6595d7 wp-block-columns-is-layout-flex\"><div class=\"wp-block-column is-layout-flow wp-block-column-is-layout-flow\" style=\"flex-basis:1%\"><figure class=\"wp-block-image size-full is-resized\"><img loading=\"lazy\" decoding=\"async\" width=\"64\" height=\"64\" src=\"https:\/\/bordonedelpellegrino.it\/wp-content\/uploads\/2023\/08\/planet-earth-small.png\" alt=\"\" class=\"wp-image-1001\" style=\"width:44px;height:undefinedpx\"\/><\/figure><\/div>\n\n<div class=\"wp-block-column is-layout-flow wp-block-column-is-layout-flow\" style=\"flex-basis:99%\"><p>Per tutte le lavorazioni utilizziamo solo energia derivante da fonti rinnovabili e l&#8217;acqua proveniente dalle fonti locali.<\/p><\/div><\/div><h3 class=\"wp-block-heading has-text-align-center\">Raccolta differenziata per un corretto smaltimento<\/h3><figure class=\"wp-block-image size-large\"><img loading=\"lazy\" decoding=\"async\" width=\"1024\" height=\"483\" src=\"https:\/\/bordonedelpellegrino.it\/wp-content\/uploads\/2024\/06\/Etichetta-Riciclo-1024x483.png\" alt=\"\" class=\"wp-image-1157\" srcset=\"https:\/\/bordonedelpellegrino.it\/wp-content\/uploads\/2024\/06\/Etichetta-Riciclo-1024x483.png 1024w, https:\/\/bordonedelpellegrino.it\/wp-content\/uploads\/2024\/06\/Etichetta-Riciclo-892x421.png 892w, https:\/\/bordonedelpellegrino.it\/wp-content\/uploads\/2024\/06\/Etichetta-Riciclo-300x142.png 300w, https:\/\/bordonedelpellegrino.it\/wp-content\/uploads\/2024\/06\/Etichetta-Riciclo-768x362.png 768w, https:\/\/bordonedelpellegrino.it\/wp-content\/uploads\/2024\/06\/Etichetta-Riciclo-1320x623.png 1320w, https:\/\/bordonedelpellegrino.it\/wp-content\/uploads\/2024\/06\/Etichetta-Riciclo.png 1412w\" sizes=\"auto, (max-width: 1024px) 100vw, 1024px\" \/><\/figure>","protected":false},"excerpt":{"rendered":"<p>Lo Sburlone \u00e8 un pregiato liquore artigianale, realizzato con mele cotogne di alta qualit\u00e0. Seguendo una ricetta tradizionale tramandata nel tempo, ogni bottiglia di Sburlone \u00e8 il risultato di un processo attento e meticoloso che inizia con la selezione manuale delle migliori mele cotogne. Queste vengono poi accuratamente lavate e lavorate e infuse con alcol, [&hellip;]<\/p>\n","protected":false},"author":1,"featured_media":1004,"parent":0,"menu_order":0,"comment_status":"closed","ping_status":"closed","template":"","meta":{"om_disable_all_campaigns":false,"_monsterinsights_skip_tracking":false,"_monsterinsights_sitenote_active":false,"_monsterinsights_sitenote_note":"","_monsterinsights_sitenote_category":0,"_uf_show_specific_survey":0,"_uf_disable_surveys":false,"footnotes":""},"class_list":["post-1080","page","type-page","status-publish","has-post-thumbnail","hentry"],"aioseo_notices":[],"jetpack_sharing_enabled":true,"_links":{"self":[{"href":"https:\/\/bordonedelpellegrino.it\/index.php\/wp-json\/wp\/v2\/pages\/1080","targetHints":{"allow":["GET"]}}],"collection":[{"href":"https:\/\/bordonedelpellegrino.it\/index.php\/wp-json\/wp\/v2\/pages"}],"about":[{"href":"https:\/\/bordonedelpellegrino.it\/index.php\/wp-json\/wp\/v2\/types\/page"}],"author":[{"embeddable":true,"href":"https:\/\/bordonedelpellegrino.it\/index.php\/wp-json\/wp\/v2\/users\/1"}],"replies":[{"embeddable":true,"href":"https:\/\/bordonedelpellegrino.it\/index.php\/wp-json\/wp\/v2\/comments?post=1080"}],"version-history":[{"count":4,"href":"https:\/\/bordonedelpellegrino.it\/index.php\/wp-json\/wp\/v2\/pages\/1080\/revisions"}],"predecessor-version":[{"id":1260,"href":"https:\/\/bordonedelpellegrino.it\/index.php\/wp-json\/wp\/v2\/pages\/1080\/revisions\/1260"}],"wp:featuredmedia":[{"embeddable":true,"href":"https:\/\/bordonedelpellegrino.it\/index.php\/wp-json\/wp\/v2\/media\/1004"}],"wp:attachment":[{"href":"https:\/\/bordonedelpellegrino.it\/index.php\/wp-json\/wp\/v2\/media?parent=1080"}],"curies":[{"name":"wp","href":"https:\/\/api.w.org\/{rel}","templated":true}]}}